{"id":1355,"date":"2018-01-14T00:41:06","date_gmt":"2018-01-13T23:41:06","guid":{"rendered":"http:\/\/curioweb.org\/en\/?page_id=1355"},"modified":"2021-05-14T17:32:28","modified_gmt":"2021-05-14T16:32:28","slug":"theatre","status":"publish","type":"page","link":"http:\/\/curioweb.org\/en\/theatre\/","title":{"rendered":"Dramaturgies"},"content":{"rendered":"<div id=\"attachment_855\" style=\"width: 310px\" class=\"wp-caption alignnone\"><a href=\"http:\/\/curioweb.org\/wp-content\/uploads\/2016\/03\/coulisse.jpg\"><img fetchpriority=\"high\" decoding=\"async\" aria-describedby=\"caption-attachment-855\" class=\"size-medium wp-image-855\" src=\"http:\/\/curioweb.org\/wp-content\/uploads\/2016\/03\/coulisse-300x235.jpg\" alt=\"Honor\u00e9 Daumier. Le trou du rideau. L'acteur - On voit bien qu'il fait chaud... trois spectateurs dans la salle... faut-il commencer ? Le directeur - Et encore un des trois est le vendeur d'entractes... faites lever le rideau tout de suite avant qu'il ne sorte !! \" width=\"300\" height=\"235\" srcset=\"http:\/\/curioweb.org\/en\/wp-content\/uploads\/2016\/03\/coulisse-300x235.jpg 300w, http:\/\/curioweb.org\/en\/wp-content\/uploads\/2016\/03\/coulisse.jpg 555w\" sizes=\"(max-width: 300px) 100vw, 300px\" \/><\/a><p id=\"caption-attachment-855\" class=\"wp-caption-text\">Honor\u00e9 Daumier. Le trou du rideau.<br \/>L&#8217;acteur &#8211; On voit bien qu&#8217;il fait chaud&#8230; trois spectateurs dans la salle&#8230; faut-il commencer ? Le directeur &#8211; Et encore un des trois est le vendeur d&#8217;entractes&#8230; faites lever le rideau tout de suite avant qu&#8217;il ne sorte !!<\/p><\/div>\n<p>2000-2002<\/p>\n<p>\u00ab\u00a0King Baabu\u00a0\u00bb, \u00e9crit et mis en sc\u00e8ne par l\u2019auteur<\/p>\n<p>avec Wole Soyinka.<\/p>\n<p>Tourn\u00e9e mondiale (Nigeria, Suisse, Allemagne, Afrique du sud, Lesotho).<\/p>\n<p><a href=\"http:\/\/news.bbc.co.uk\/2\/hi\/africa\/1476167.stm\">http:\/\/news.bbc.co.uk\/2\/hi\/africa\/1476167.stm<\/a><\/p>\n<p>1999<\/p>\n<p>\u00ab\u00a0Amphitryon\u00a0\u00bb (Moli\u00e8re), Direction: Jean-Christophe Barbaud<\/p>\n<p>Th\u00e9\u00e2tre Odyss\u00e9e, Paris<\/p>\n<p>1992 \u00e0 1998<\/p>\n<p>\u201cUlysse\u201d (Hom\u00e8re), Ubu Roi (A. Jarry), Fabulazzo (Dario Fo) et Paroles du Fleuve (d\u2019apr\u00e8s Hampat\u00e9 Ba)<\/p>\n<p>Atelier de l&#8217;Orage, Essonne<\/p>\n","protected":false},"excerpt":{"rendered":"<p>2000-2002 \u00ab\u00a0King Baabu\u00a0\u00bb, \u00e9crit et mis en sc\u00e8ne par l\u2019auteur avec Wole Soyinka. Tourn\u00e9e mondiale (Nigeria, Suisse, Allemagne, Afrique du sud, Lesotho). http:\/\/news.bbc.co.uk\/2\/hi\/africa\/1476167.stm 1999 \u00ab\u00a0Amphitryon\u00a0\u00bb (Moli\u00e8re), Direction: Jean-Christophe Barbaud Th\u00e9\u00e2tre Odyss\u00e9e, Paris 1992 \u00e0 1998 \u201cUlysse\u201d (Hom\u00e8re), Ubu Roi (A. Jarry), Fabulazzo (Dario Fo) et Paroles du Fleuve (d\u2019apr\u00e8s Hampat\u00e9 Ba) Atelier de l&#8217;Orage, Essonne<\/p>\n","protected":false},"author":1,"featured_media":0,"parent":0,"menu_order":0,"comment_status":"closed","ping_status":"closed","template":"","meta":{"_eb_attr":"","footnotes":""},"class_list":["post-1355","page","type-page","status-publish","hentry"],"_links":{"self":[{"href":"http:\/\/curioweb.org\/en\/wp-json\/wp\/v2\/pages\/1355","targetHints":{"allow":["GET"]}}],"collection":[{"href":"http:\/\/curioweb.org\/en\/wp-json\/wp\/v2\/pages"}],"about":[{"href":"http:\/\/curioweb.org\/en\/wp-json\/wp\/v2\/types\/page"}],"author":[{"embeddable":true,"href":"http:\/\/curioweb.org\/en\/wp-json\/wp\/v2\/users\/1"}],"replies":[{"embeddable":true,"href":"http:\/\/curioweb.org\/en\/wp-json\/wp\/v2\/comments?post=1355"}],"version-history":[{"count":3,"href":"http:\/\/curioweb.org\/en\/wp-json\/wp\/v2\/pages\/1355\/revisions"}],"predecessor-version":[{"id":1584,"href":"http:\/\/curioweb.org\/en\/wp-json\/wp\/v2\/pages\/1355\/revisions\/1584"}],"wp:attachment":[{"href":"http:\/\/curioweb.org\/en\/wp-json\/wp\/v2\/media?parent=1355"}],"curies":[{"name":"wp","href":"https:\/\/api.w.org\/{rel}","templated":true}]}}