{"id":1481,"date":"2019-09-10T16:46:43","date_gmt":"2019-09-10T15:46:43","guid":{"rendered":"http:\/\/curioweb.org\/en\/?page_id=1481"},"modified":"2019-09-10T16:47:50","modified_gmt":"2019-09-10T15:47:50","slug":"museum-on-the-couch-reflexive-and-creative-explorations-of-ethnographic-collections-wise2018-2019-leipzig","status":"publish","type":"page","link":"http:\/\/curioweb.org\/en\/conferences\/museum-on-the-couch-reflexive-and-creative-explorations-of-ethnographic-collections-wise2018-2019-leipzig\/","title":{"rendered":"\u201cMuseum on the Couch\u201d WiSe2018-2019 &#8211; Leipzig\u00a0"},"content":{"rendered":"\n<p><a href=\"http:\/\/ethno.gko.uni-leipzig.de\/index.php\/en\/museum\/museum-on-the-couch\">\u201cMuseum on the Couch<\/a>\u201d\u00a0<strong>\u2013 <\/strong><strong>Reflexive and creative explorations of ethnographic collections<\/strong><\/p>\n<p><strong>The Museum on the Couch\u00a0:<\/strong><\/p>\n<p><strong>Reflexive and Creative exploration of the ethnographic museum <\/strong><\/p>\n<p><strong>\u00a0\u00ab\u00a0THE INVITATION\u00a0\u00bb<\/strong><\/p>\n<p><strong>Winter Semester 2018-2019<\/strong><\/p>\n<p>Wed. From 4\u00a0:30 0 to 6:30 PM<\/p>\n<p>This 5th \u201cThe Museum on the Couch\u201d seminar will decline the notion of &#8220;invitation&#8221; crucial to both the worlds of art and anthropology, and their museums.<\/p>\n<p>Conceived and animated by the anthropologist Bernard M\u00fcller and the artist Neven Allanic, together and through the duo &#8220;the artist\u201d and \u201cthe researcher&#8221; that they form, their approach results from a common desire for interconnection between the worlds of art and anthropology in order to create links between artistic practices and anthropological research, in the light of a specific case whose ins and outs will be discussed during this workshop-seminar.<\/p>\n<p>One will wonder how to open an area of \u200b\u200bdialogue between different worlds in an ethnographic museum &#8230; INVITING each other on a symmetrical basis, without reproducing the relations of power at work in a postcolonial situation.<\/p>\n<p>To what extent is the ethnologist invited to his field by his \u201cinformants\u201d? In the context of the ethnographic museum, during the collection period, were former owners invited to donate their items?<\/p>\n<p>Can the artistic approach revisit the ethnographic relationship by making the invitation the moment of another encounter? What would be its architecture, what are its aesthetic mechanisms and what information does the visitor?<\/p>\n<p>This semester will allow students to follow, and participating, to the very construction process of the exhibition &#8220;Megalopolis # 1 &#8211; Stimmen aus Kinshasa&#8221; (<a href=\"https:\/\/www.kulturstiftung-des-bundes.de\/nc\/de\/projekte\/archiv\/detail\/megalopolis_1_stimmen_aus_kinshasa.html\">https:\/\/www.kulturstiftung-des-bundes.de\/nc\/de\/projekte\/archiv\/detail\/megalopolis_1_stimmen_aus_kinshasa.html<\/a>, inauguration on 31 November 2018 &#8211; until March 2019).<\/p>\n<p>In the same spirit of creative research of the previous sessions, students are invited to propose a form (Performance, guided tours, flyers, etc.: see the other years: <a href=\"https:\/\/ethno.gko.uni-leipzig.de\/index.php\/museum\/kooperation-grassi\">https:\/\/ethno.gko.uni-leipzig.de\/index.php\/museum\/kooperation-grassi<\/a>) in connection with the documentary space, and in resonance with the notion of &#8220;information,&#8221; &#8220;document&#8221; or &#8220;archives&#8221;.<\/p>\n<p>The most deserving students will be selected for the exhibition.<\/p>\n<p>A seminar-workshop of the Grassi museum f\u00fcr V\u00f6lkerkunde in coop\u00e9ration with l\u2019Institut f\u00fcr Ethnologie zu Leipzig directed by Bernard M\u00fcller with Neven Allanic.<\/p>\n<p>Grassi Museum f\u00fcr V\u00f6lkerkunde, Kleiner Vortragsraum (1. Etage)<\/p>\n<p>Johannisplatz 5-11<\/p>\n<p>Leipzig<\/p>\n<p>\u00a0<\/p>\n<p>Former Semestres :<\/p>\n<p>This module is designed as a workshop. It gives students the opportunity to discover the museum while helping to transform it through practical exercises. In the rooms of the GRASSI Ethnology Museum in Leipzig, course participants are invited to create their own exhibition: installations, interventions, disruptions, guided tours (inside or outside the museum) or any kind of performance. The approach is interdisciplinary and collaborative.The students&#8217; work will be presented to the public at the end of the semester. The most convincing proposals will remain in the permanent exhibition until the end of July 2018.\u00a0<u>Access<\/u>: The course is intended for BA and MA students in ethnology, drama, visual arts, graphic arts and media arts\/communication and any other field of study. Students are invited to participate in a creative and free approach.\u00a0<u>Credit<\/u> :You receive 10 credit points in your main domain or in your elective domain\u00a0<u>Organization<\/u>: The seminar-workshop is organized jointly by the Leipzig Institute for anthropology and the State Ethnographic Collection of Saxony and directed by Bernard M\u00fcller. The contact persons at the GRASSI Museum or the Institute for anthropology are Philip Schorch, Antje B\u00e4cker and Kevin Bress.<\/p>\n<p><u>Assessment<\/u> :<\/p>\n<p>Design and Implementation of a project echoing a problem of the ethnographic museum to be presented in the permanent exhibition of the Grassi museum, alone or in a small group and documented by &#8220;making of&#8221; \/ written report.<\/p>\n<p><u>Sessions: <\/u><\/p>\n<p>On Mondays: April 9th, April 16th, April 23rd, April 30th, May 7th, May 14th, May 28th, June 4th, June 11th, June 18th, June 25th 2018<\/p>\n<p>11am to 2pm<\/p>\n<p>Kleiner Vortragsraum (1. Floor)<br \/>Grassi Museum for V\u00f6lkerkunde Leipzig, Johannisplatz 5-11<br \/>GERMANY<\/p>\n<p><u>Info : <\/u><\/p>\n<p><a href=\"https:\/\/ethno.gko.uni-leipzig.de\/index.php\/museum\/kooperation-grassi\">https:\/\/ethno.gko.uni-leipzig.de\/index.php\/museum\/kooperation-grassi<\/a><\/p>\n<p><strong>Reflexive und kreative Erkundungen in den ethnographischen Sammlungen<\/strong><\/p>\n<p>Dieses Modul ist als Workshop entworfen. Es gibt Studierenden die Gelegenheit mittels praktischer \u00dcbungen auf experimentelle Weise das Museum zu entdecken und mitzugestalten. In den R\u00e4umen des GRSSI Museums f\u00fcr V\u00f6lkerkunde zu Leipzig sind die TeilnehmerInnen des Kurses eingeladen, ihr eigenes museographisches Display zu kreieren: Installationen, Interventionen, \u201eSt\u00f6rungen\u201c, Touren (innerhalb und au\u00dferhalb der Mauern) oder jegliche Art der Performanz. Die Herangehensweise erfolgt interdisziplin\u00e4r und gemeinschaftlich.<\/p>\n<p>Pr\u00e4sentiert werden die studentischen Arbeiten dem Publikum am Ende des Semesters. Die besten Arbeiten verbleiben bis Ende July 2018 in der Dauerausstellung.<\/p>\n<p>\u00a0<\/p>\n<p><u>Teilnehmer:<\/u> Der Kurs richtet sich an BA und MA Studierende der Ethnologie, der Theaterwissenschaften, der plastischen, graphischen und medialen K\u00fcnste und jeder anderen Fachrichtung. Studierende sollten Spa\u00df an kreativer und selbst\u00e4ndiger Projektarbeit haben.<\/p>\n<p>Anrechnung Sie erhalten 10 Leistungspunkte, in ihrem Kernfach oder im Wahlbereich<\/p>\n<p>\u00a0<\/p>\n<p><u>Organisation<\/u>: Dieser Seminar-Workshop wird gemeinsam vom Institut f\u00fcr Ethnologie in Leipzig und den Staatlichen Ethnographischen Sammlungen Sachsen veranstaltet und von Bernard M\u00fcller geleitet. Ansprechpartner im GRASSI Museum oder im Institut f\u00fcr Ethnologie sind Philip Schorch, Antje B\u00e4cker und Kevin Bress.<\/p>\n<p><u>Assessment<\/u><\/p>\n<p>Entwurf und Durchf\u00fchrung eines Projekts, das eine Problematik des Ethnographischen Museums reflektiert (Installation, Performance oder freie Intervention) in der Dauerausstellung des Grassimuseums, allein oder in einer kleinen Gruppe und &#8220;Making of&#8221; \/ schriftlicher Bericht.<\/p>\n<p><u>Termine<\/u><\/p>\n<p>Workshop-Treffen: Montags : 9. April, 16. April, 23. April, 30. April, 7. Mai, 14. Mai, 28. Mai, 4. Juni, 11. Juni, 18. Juni, 25. Juni jeweils<\/p>\n<p>11:00-14:00<\/p>\n<p>Kleiner Vortragsraum (1. Etage), Grassi Museum f\u00fcr V\u00f6lkerkunde Leipzig, Johannisplatz 5-11<\/p>\n<p>Er\u00f6ffnung der Ausstellung der studentischen Arbeiten:<\/p>\n<p>\u00a0<\/p>\n<p><u>Info<\/u><\/p>\n<p><a href=\"https:\/\/ethno.gko.uni-leipzig.de\/index.php\/museum\/kooperation-grassi\">https:\/\/ethno.gko.uni-leipzig.de\/index.php\/museum\/kooperation-grassi<\/a><\/p>\n<p>\u00a0<\/p>\n<p>\u00a0<\/p>\n<p>\u00a0<\/p>\n<p>Reflexive and creative explorations in the ethnographic collections<\/p>\n<p>This seminar-workshop aims to analyse the malaise that are facing most of the European ethnographic museums today. Just the once, this crisis will not be addressed only theoretically but also by proposing practical solutions. In an experimental approach and on a small scale level, the participants \/ students will elaborate during the semester their own museum-related propositions, envisaged as a curatorial answer to a theoretical problem.<\/p>\n<p>In order to try to understand the stakes of the current crisis, having identified the symptoms of the malaise, we will retrace the history of the ethnographic museum as an institution but also as a scenographic and performative practice, echoing the current global situation, in a critical and postcolonial state of mind. Considering the form of the ethnographic exhibition as a theatre of objects (the latter not necessarily being material, as in &#8220;intangible culture&#8221; or &#8220;oral history&#8221;), we propose to approach the biography of the object by the multiplicity of appropriations and variety of uses\/usages to which it is subject\/object, as expression of the variety of temporalities it relates to.<\/p>\n<p>Resting preferably upon objects of Ethnographic Collections of Saxony (SES), on related past projects or connected topics, the participants of the seminar-workshops will implement genuine museum projects (ethnographic propositions, artistic installations, performances, small exhibitions, multimedia devices, and outside the wall actions, such as guided tours in town, for instance ) that will be presented to the public in the permanent exhibition of the Grassi Museum in the last week of June 2016 (see Student Works WS 2015-2016).<\/p>\n<p>In order to move away from disciplinary compartmentalisation, this workspace is envisioned as a collaborative platform, a place that aims to gather ethnologists, artists, philosophers, art historians, curators, mediators, designers \/ architects and various professions (and not only ethnologists), in collaboration with several departments.<\/p>\n<p>Organised jointly with the\u00a0Institute of Anthropology\u00a0at the University of Leipzig, the\u00a0Staatliche Ethnographische Sammlungen Sachsen, and at first for this semester with the HGB- Hochschule f\u00fcr Grafik und Buchkunst, this and the following seminar-workshops are open to all.<br \/>Every two weeks, Friday\u00a0: 13 \u2013 15 H.<\/p>\n<p>First session Friday of 15th of April<\/p>\n<p>Venue\u00a0: Grassi Museum f\u00fcr V\u00f6lkerkunde, Johannisplatz, Leipzig<\/p>\n","protected":false},"excerpt":{"rendered":"<p>\u201cMuseum on the Couch\u201d\u00a0\u2013 Reflexive and creative explorations of ethnographic collections The Museum on the Couch\u00a0: Reflexive and Creative exploration of the ethnographic museum \u00a0\u00ab\u00a0THE INVITATION\u00a0\u00bb Winter Semester 2018-2019 Wed. From 4\u00a0:30 0 to 6:30 PM This 5th \u201cThe Museum on the Couch\u201d seminar will decline the notion of &#8220;invitation&#8221; crucial to both the worlds [&hellip;]<\/p>\n","protected":false},"author":1,"featured_media":0,"parent":1359,"menu_order":0,"comment_status":"closed","ping_status":"closed","template":"","meta":{"_eb_attr":"","footnotes":""},"class_list":["post-1481","page","type-page","status-publish","hentry"],"_links":{"self":[{"href":"http:\/\/curioweb.org\/en\/wp-json\/wp\/v2\/pages\/1481","targetHints":{"allow":["GET"]}}],"collection":[{"href":"http:\/\/curioweb.org\/en\/wp-json\/wp\/v2\/pages"}],"about":[{"href":"http:\/\/curioweb.org\/en\/wp-json\/wp\/v2\/types\/page"}],"author":[{"embeddable":true,"href":"http:\/\/curioweb.org\/en\/wp-json\/wp\/v2\/users\/1"}],"replies":[{"embeddable":true,"href":"http:\/\/curioweb.org\/en\/wp-json\/wp\/v2\/comments?post=1481"}],"version-history":[{"count":2,"href":"http:\/\/curioweb.org\/en\/wp-json\/wp\/v2\/pages\/1481\/revisions"}],"predecessor-version":[{"id":1484,"href":"http:\/\/curioweb.org\/en\/wp-json\/wp\/v2\/pages\/1481\/revisions\/1484"}],"up":[{"embeddable":true,"href":"http:\/\/curioweb.org\/en\/wp-json\/wp\/v2\/pages\/1359"}],"wp:attachment":[{"href":"http:\/\/curioweb.org\/en\/wp-json\/wp\/v2\/media?parent=1481"}],"curies":[{"name":"wp","href":"https:\/\/api.w.org\/{rel}","templated":true}]}}